{"id":108,"date":"2012-11-06T18:55:55","date_gmt":"2012-11-06T18:55:55","guid":{"rendered":"http:\/\/demo.averta.net\/themes\/lotus\/?page_id=108"},"modified":"2014-02-19T20:04:22","modified_gmt":"2014-02-19T20:04:22","slug":"about-us","status":"publish","type":"page","link":"https:\/\/d-davinci.com.ar\/?page_id=108","title":{"rendered":"Nosotros"},"content":{"rendered":"","protected":false},"excerpt":{"rendered":"","protected":false},"author":2,"featured_media":0,"parent":0,"menu_order":0,"comment_status":"closed","ping_status":"closed","template":"","meta":{"footnotes":""},"yoast_head":"<!-- This site is optimized with the Yoast SEO plugin v23.0 - https:\/\/yoast.com\/wordpress\/plugins\/seo\/ -->\n<title>Nosotros - DISE\u00d1Odavinci<\/title>\n<meta name=\"description\" content=\"Quienes somos?  Somos una empresa dedicada a proporcionar servicios de dise\u00f1o y comunicaci\u00f3n, brindando a nuestros clientes soluciones altamente personali\" \/>\n<meta name=\"robots\" content=\"index, follow, max-snippet:-1, max-image-preview:large, max-video-preview:-1\" \/>\n<link rel=\"canonical\" href=\"https:\/\/d-davinci.com.ar\/?page_id=108\" \/>\n<meta property=\"og:locale\" content=\"es_ES\" \/>\n<meta property=\"og:type\" content=\"article\" \/>\n<meta property=\"og:title\" content=\"Nosotros - DISE\u00d1Odavinci\" \/>\n<meta property=\"og:url\" content=\"https:\/\/d-davinci.com.ar\/?page_id=108\" \/>\n<meta property=\"og:site_name\" content=\"DISE\u00d1Odavinci\" \/>\n<meta property=\"article:publisher\" content=\"https:\/\/www.facebook.com\/DISENOdavinci?ref=hl\" \/>\n<meta property=\"article:modified_time\" content=\"2014-02-19T20:04:22+00:00\" \/>\n<meta property=\"og:image\" content=\"https:\/\/www.facebook.com\/photo.php?fbid=639550516055561&amp%3bamp%3bamp%3bamp%3bamp%3bset=a.389683771042238.96905.163747163635901&amp%3bamp%3bamp%3bamp%3bamp%3btype=1&amp%3bamp%3bamp%3bamp%3bamp%3btheater\" \/>\n<meta name=\"twitter:card\" content=\"summary_large_image\" \/>\n<meta name=\"twitter:site\" content=\"@DISENIOdavinci\" \/>\n<script type=\"application\/ld+json\" class=\"yoast-schema-graph\">{\"@context\":\"https:\/\/schema.org\",\"@graph\":[{\"@type\":\"WebPage\",\"@id\":\"https:\/\/d-davinci.com.ar\/?page_id=108\",\"url\":\"https:\/\/d-davinci.com.ar\/?page_id=108\",\"name\":\"Nosotros - DISE\u00d1Odavinci\",\"isPartOf\":{\"@id\":\"https:\/\/d-davinci.com.ar\/#website\"},\"datePublished\":\"2012-11-06T18:55:55+00:00\",\"dateModified\":\"2014-02-19T20:04:22+00:00\",\"breadcrumb\":{\"@id\":\"https:\/\/d-davinci.com.ar\/?page_id=108#breadcrumb\"},\"inLanguage\":\"es\",\"potentialAction\":[{\"@type\":\"ReadAction\",\"target\":[\"https:\/\/d-davinci.com.ar\/?page_id=108\"]}]},{\"@type\":\"BreadcrumbList\",\"@id\":\"https:\/\/d-davinci.com.ar\/?page_id=108#breadcrumb\",\"itemListElement\":[{\"@type\":\"ListItem\",\"position\":1,\"name\":\"Home\",\"item\":\"https:\/\/d-davinci.com.ar\/\"},{\"@type\":\"ListItem\",\"position\":2,\"name\":\"Nosotros\"}]},{\"@type\":\"WebSite\",\"@id\":\"https:\/\/d-davinci.com.ar\/#website\",\"url\":\"https:\/\/d-davinci.com.ar\/\",\"name\":\"DISE\u00d1Odavinci\",\"description\":\"Dise\u00f1o Grafico | Dise\u00f1o Web | Parana, Entre Rios\",\"potentialAction\":[{\"@type\":\"SearchAction\",\"target\":{\"@type\":\"EntryPoint\",\"urlTemplate\":\"https:\/\/d-davinci.com.ar\/?s={search_term_string}\"},\"query-input\":\"required name=search_term_string\"}],\"inLanguage\":\"es\"}]}<\/script>\n<!-- \/ Yoast SEO plugin. -->","yoast_head_json":{"title":"Nosotros - DISE\u00d1Odavinci","description":"Quienes somos?  Somos una empresa dedicada a proporcionar servicios de dise\u00f1o y comunicaci\u00f3n, brindando a nuestros clientes soluciones altamente personali","robots":{"index":"index","follow":"follow","max-snippet":"max-snippet:-1","max-image-preview":"max-image-preview:large","max-video-preview":"max-video-preview:-1"},"canonical":"https:\/\/d-davinci.com.ar\/?page_id=108","og_locale":"es_ES","og_type":"article","og_title":"Nosotros - DISE\u00d1Odavinci","og_url":"https:\/\/d-davinci.com.ar\/?page_id=108","og_site_name":"DISE\u00d1Odavinci","article_publisher":"https:\/\/www.facebook.com\/DISENOdavinci?ref=hl","article_modified_time":"2014-02-19T20:04:22+00:00","og_image":[{"url":"https:\/\/www.facebook.com\/photo.php?fbid=639550516055561&amp%3bamp%3bamp%3bamp%3bamp%3bset=a.389683771042238.96905.163747163635901&amp%3bamp%3bamp%3bamp%3bamp%3btype=1&amp%3bamp%3bamp%3bamp%3bamp%3btheater"}],"twitter_card":"summary_large_image","twitter_site":"@DISENIOdavinci","schema":{"@context":"https:\/\/schema.org","@graph":[{"@type":"WebPage","@id":"https:\/\/d-davinci.com.ar\/?page_id=108","url":"https:\/\/d-davinci.com.ar\/?page_id=108","name":"Nosotros - DISE\u00d1Odavinci","isPartOf":{"@id":"https:\/\/d-davinci.com.ar\/#website"},"datePublished":"2012-11-06T18:55:55+00:00","dateModified":"2014-02-19T20:04:22+00:00","breadcrumb":{"@id":"https:\/\/d-davinci.com.ar\/?page_id=108#breadcrumb"},"inLanguage":"es","potentialAction":[{"@type":"ReadAction","target":["https:\/\/d-davinci.com.ar\/?page_id=108"]}]},{"@type":"BreadcrumbList","@id":"https:\/\/d-davinci.com.ar\/?page_id=108#breadcrumb","itemListElement":[{"@type":"ListItem","position":1,"name":"Home","item":"https:\/\/d-davinci.com.ar\/"},{"@type":"ListItem","position":2,"name":"Nosotros"}]},{"@type":"WebSite","@id":"https:\/\/d-davinci.com.ar\/#website","url":"https:\/\/d-davinci.com.ar\/","name":"DISE\u00d1Odavinci","description":"Dise\u00f1o Grafico | Dise\u00f1o Web | Parana, Entre Rios","potentialAction":[{"@type":"SearchAction","target":{"@type":"EntryPoint","urlTemplate":"https:\/\/d-davinci.com.ar\/?s={search_term_string}"},"query-input":"required name=search_term_string"}],"inLanguage":"es"}]}},"_links":{"self":[{"href":"https:\/\/d-davinci.com.ar\/index.php?rest_route=\/wp\/v2\/pages\/108"}],"collection":[{"href":"https:\/\/d-davinci.com.ar\/index.php?rest_route=\/wp\/v2\/pages"}],"about":[{"href":"https:\/\/d-davinci.com.ar\/index.php?rest_route=\/wp\/v2\/types\/page"}],"author":[{"embeddable":true,"href":"https:\/\/d-davinci.com.ar\/index.php?rest_route=\/wp\/v2\/users\/2"}],"replies":[{"embeddable":true,"href":"https:\/\/d-davinci.com.ar\/index.php?rest_route=%2Fwp%2Fv2%2Fcomments&post=108"}],"version-history":[{"count":3,"href":"https:\/\/d-davinci.com.ar\/index.php?rest_route=\/wp\/v2\/pages\/108\/revisions"}],"predecessor-version":[{"id":3662,"href":"https:\/\/d-davinci.com.ar\/index.php?rest_route=\/wp\/v2\/pages\/108\/revisions\/3662"}],"wp:attachment":[{"href":"https:\/\/d-davinci.com.ar\/index.php?rest_route=%2Fwp%2Fv2%2Fmedia&parent=108"}],"curies":[{"name":"wp","href":"https:\/\/api.w.org\/{rel}","templated":true}]}}